{"id":11222,"date":"2025-08-20T14:03:30","date_gmt":"2025-08-20T12:03:30","guid":{"rendered":"https:\/\/harter-gmbh.de\/information-aux-nouveaux-contacts\/"},"modified":"2025-10-27T17:42:33","modified_gmt":"2025-10-27T15:42:33","slug":"information-aux-nouveaux-contacts","status":"publish","type":"page","link":"https:\/\/harter-gmbh.de\/fr\/information-aux-nouveaux-contacts\/","title":{"rendered":"Information aux nouveaux contacts"},"content":{"rendered":"<p><div class=\"fusion-fullwidth fullwidth-box fusion-builder-row-1 fusion-flex-container has-pattern-background has-mask-background nonhundred-percent-fullwidth non-hundred-percent-height-scrolling\" style=\"--awb-border-radius-top-left:0px;--awb-border-radius-top-right:0px;--awb-border-radius-bottom-right:0px;--awb-border-radius-bottom-left:0px;--awb-flex-wrap:wrap;\" ><div class=\"fusion-builder-row fusion-row fusion-flex-align-items-flex-start fusion-flex-content-wrap\" style=\"max-width:1372.8px;margin-left: calc(-4% \/ 2 );margin-right: calc(-4% \/ 2 );\"><div class=\"fusion-layout-column fusion_builder_column fusion-builder-column-0 fusion_builder_column_1_1 1_1 fusion-flex-column\" style=\"--awb-overflow:hidden;--awb-bg-size:cover;--awb-border-radius:0px 0px 0px 50px;--awb-width-large:100%;--awb-margin-top-large:0px;--awb-spacing-right-large:1.92%;--awb-margin-bottom-large:20px;--awb-spacing-left-large:1.92%;--awb-width-medium:100%;--awb-order-medium:0;--awb-spacing-right-medium:1.92%;--awb-spacing-left-medium:1.92%;--awb-width-small:100%;--awb-order-small:0;--awb-spacing-right-small:1.92%;--awb-spacing-left-small:1.92%;\" data-scroll-devices=\"small-visibility,medium-visibility,large-visibility\"><div class=\"fusion-column-wrapper fusion-column-has-shadow fusion-flex-justify-content-flex-start fusion-content-layout-column\"><div class=\"fusion-image-element \" style=\"--awb-caption-title-font-family:var(--h2_typography-font-family);--awb-caption-title-font-weight:var(--h2_typography-font-weight);--awb-caption-title-font-style:var(--h2_typography-font-style);--awb-caption-title-size:var(--h2_typography-font-size);--awb-caption-title-transform:var(--h2_typography-text-transform);--awb-caption-title-line-height:var(--h2_typography-line-height);--awb-caption-title-letter-spacing:var(--h2_typography-letter-spacing);\"><span class=\" fusion-imageframe imageframe-none imageframe-1 hover-type-none\"><img decoding=\"async\" width=\"2560\" height=\"801\" title=\"Harter-Trocknungssysteme_Stiefenhofen\" src=\"https:\/\/harter-gmbh.de\/wp-content\/uploads\/2025\/08\/Harter-Trocknungssysteme_Stiefenhofen.jpg\" data-orig-src=\"https:\/\/harter-gmbh.de\/wp-content\/uploads\/2025\/08\/Harter-Trocknungssysteme_Stiefenhofen.jpg\" alt class=\"lazyload img-responsive wp-image-10646\" srcset=\"data:image\/svg+xml,%3Csvg%20xmlns%3D%27http%3A%2F%2Fwww.w3.org%2F2000%2Fsvg%27%20width%3D%272560%27%20height%3D%27801%27%20viewBox%3D%270%200%202560%20801%27%3E%3Crect%20width%3D%272560%27%20height%3D%27801%27%20fill-opacity%3D%220%22%2F%3E%3C%2Fsvg%3E\" data-srcset=\"https:\/\/harter-gmbh.de\/wp-content\/uploads\/2025\/08\/Harter-Trocknungssysteme_Stiefenhofen-200x63.jpg 200w, https:\/\/harter-gmbh.de\/wp-content\/uploads\/2025\/08\/Harter-Trocknungssysteme_Stiefenhofen-400x125.jpg 400w, https:\/\/harter-gmbh.de\/wp-content\/uploads\/2025\/08\/Harter-Trocknungssysteme_Stiefenhofen-600x188.jpg 600w, https:\/\/harter-gmbh.de\/wp-content\/uploads\/2025\/08\/Harter-Trocknungssysteme_Stiefenhofen-800x250.jpg 800w, https:\/\/harter-gmbh.de\/wp-content\/uploads\/2025\/08\/Harter-Trocknungssysteme_Stiefenhofen-1200x375.jpg 1200w, https:\/\/harter-gmbh.de\/wp-content\/uploads\/2025\/08\/Harter-Trocknungssysteme_Stiefenhofen.jpg 2560w\" data-sizes=\"auto\" data-orig-sizes=\"(max-width: 800px) 100vw, 2560px\" \/><\/span><\/div><\/div><\/div><\/div><\/div><div class=\"fusion-fullwidth fullwidth-box fusion-builder-row-2 fusion-flex-container has-pattern-background has-mask-background nonhundred-percent-fullwidth non-hundred-percent-height-scrolling\" style=\"--awb-border-radius-top-left:0px;--awb-border-radius-top-right:0px;--awb-border-radius-bottom-right:0px;--awb-border-radius-bottom-left:0px;--awb-flex-wrap:wrap;\" ><div class=\"fusion-builder-row fusion-row fusion-flex-align-items-flex-start fusion-flex-content-wrap\" style=\"max-width:1372.8px;margin-left: calc(-4% \/ 2 );margin-right: calc(-4% \/ 2 );\"><div class=\"fusion-layout-column fusion_builder_column fusion-builder-column-1 fusion_builder_column_1_1 1_1 fusion-flex-column\" style=\"--awb-bg-size:cover;--awb-width-large:100%;--awb-margin-top-large:0px;--awb-spacing-right-large:1.92%;--awb-margin-bottom-large:20px;--awb-spacing-left-large:1.92%;--awb-width-medium:100%;--awb-order-medium:0;--awb-spacing-right-medium:1.92%;--awb-spacing-left-medium:1.92%;--awb-width-small:100%;--awb-order-small:0;--awb-spacing-right-small:1.92%;--awb-spacing-left-small:1.92%;\"><div class=\"fusion-column-wrapper fusion-column-has-shadow fusion-flex-justify-content-flex-start fusion-content-layout-column\"><div class=\"fusion-title title fusion-title-1 fusion-sep-none fusion-title-text fusion-title-size-one\" style=\"--awb-margin-top:20px;--awb-margin-bottom:25px;\"><h1 class=\"fusion-title-heading title-heading-left fusion-responsive-typography-calculated\" style=\"margin:0;--fontSize:56;line-height:var(--awb-typography1-line-height);\">Information selon l&rsquo;art. 13 RGPD<br \/>\naux nouveaux contacts<\/h1><\/div><\/div><\/div><\/div><\/div><div class=\"fusion-fullwidth fullwidth-box fusion-builder-row-3 fusion-flex-container has-pattern-background has-mask-background nonhundred-percent-fullwidth non-hundred-percent-height-scrolling\" style=\"--awb-border-radius-top-left:0px;--awb-border-radius-top-right:0px;--awb-border-radius-bottom-right:0px;--awb-border-radius-bottom-left:0px;--awb-flex-wrap:wrap;\" ><div class=\"fusion-builder-row fusion-row fusion-flex-align-items-flex-start fusion-flex-content-wrap\" style=\"max-width:1372.8px;margin-left: calc(-4% \/ 2 );margin-right: calc(-4% \/ 2 );\"><div class=\"fusion-layout-column fusion_builder_column fusion-builder-column-2 fusion_builder_column_1_1 1_1 fusion-flex-column\" style=\"--awb-bg-size:cover;--awb-width-large:100%;--awb-margin-top-large:0px;--awb-spacing-right-large:1.92%;--awb-margin-bottom-large:20px;--awb-spacing-left-large:1.92%;--awb-width-medium:100%;--awb-order-medium:0;--awb-spacing-right-medium:1.92%;--awb-spacing-left-medium:1.92%;--awb-width-small:100%;--awb-order-small:0;--awb-spacing-right-small:1.92%;--awb-spacing-left-small:1.92%;\"><div class=\"fusion-column-wrapper fusion-column-has-shadow fusion-flex-justify-content-flex-start fusion-content-layout-column\"><div class=\"fusion-text fusion-text-1\"><p>Responsabilit\u00e9 du traitement des donn\u00e9es<\/p>\n<p>HARTER GmbH<br \/>\nHarbatshofen 50<br \/>\n88167 Stiefenhofen<br \/>\nAllemagne<\/p>\n<\/div><div class=\"fusion-separator\" style=\"align-self: flex-start;margin-right:auto;margin-top:5px;width:100%;max-width:282px;\"><div class=\"fusion-separator-border sep-single sep-dotted\" style=\"--awb-height:20px;--awb-amount:20px;--awb-sep-color:var(--awb-color4);border-color:var(--awb-color4);border-top-width:1px;\"><\/div><\/div>\n<\/div><\/div><\/div><\/div><div class=\"fusion-fullwidth fullwidth-box fusion-builder-row-4 fusion-flex-container has-pattern-background has-mask-background nonhundred-percent-fullwidth non-hundred-percent-height-scrolling\" style=\"--awb-border-radius-top-left:0px;--awb-border-radius-top-right:0px;--awb-border-radius-bottom-right:0px;--awb-border-radius-bottom-left:0px;--awb-margin-top:4%;--awb-flex-wrap:wrap;\" ><div class=\"fusion-builder-row fusion-row fusion-flex-align-items-flex-start fusion-flex-content-wrap\" style=\"max-width:1372.8px;margin-left: calc(-4% \/ 2 );margin-right: calc(-4% \/ 2 );\"><div class=\"fusion-layout-column fusion_builder_column fusion-builder-column-3 fusion_builder_column_1_1 1_1 fusion-flex-column\" style=\"--awb-bg-size:cover;--awb-width-large:100%;--awb-margin-top-large:0px;--awb-spacing-right-large:1.92%;--awb-margin-bottom-large:20px;--awb-spacing-left-large:1.92%;--awb-width-medium:100%;--awb-order-medium:0;--awb-spacing-right-medium:1.92%;--awb-spacing-left-medium:1.92%;--awb-width-small:100%;--awb-order-small:0;--awb-spacing-right-small:1.92%;--awb-spacing-left-small:1.92%;\"><div class=\"fusion-column-wrapper fusion-column-has-shadow fusion-flex-justify-content-flex-start fusion-content-layout-column\"><div class=\"accordian fusion-accordian\" style=\"--awb-border-size:1px;--awb-icon-size:16px;--awb-content-font-size:var(--awb-typography4-font-size);--awb-icon-alignment:left;--awb-hover-color:var(--awb-color2);--awb-border-color:var(--awb-color3);--awb-background-color:var(--awb-color1);--awb-divider-color:var(--awb-color3);--awb-divider-hover-color:var(--awb-color3);--awb-icon-color:var(--awb-color1);--awb-title-color:var(--awb-color8);--awb-content-color:var(--awb-color8);--awb-icon-box-color:var(--awb-color8);--awb-toggle-hover-accent-color:var(--awb-color5);--awb-title-font-family:var(--awb-custom_typography_4-font-family);--awb-title-font-weight:var(--awb-custom_typography_4-font-weight);--awb-title-font-style:var(--awb-custom_typography_4-font-style);--awb-title-font-size:var(--awb-custom_typography_4-font-size);--awb-title-letter-spacing:var(--awb-custom_typography_4-letter-spacing);--awb-title-line-height:var(--awb-custom_typography_4-line-height);--awb-content-font-family:var(--awb-typography4-font-family);--awb-content-font-weight:var(--awb-typography4-font-weight);--awb-content-font-style:var(--awb-typography4-font-style);\"><div class=\"panel-group fusion-toggle-icon-boxed\" id=\"accordion-11222-1\"><div class=\"fusion-panel panel-default panel-9148353bf231e5584 fusion-toggle-no-divider fusion-toggle-boxed-mode\" style=\"--awb-title-color:var(--awb-color8);--awb-content-color:var(--awb-color8);\"><div class=\"panel-heading\"><h2 class=\"panel-title toggle\" id=\"toggle_9148353bf231e5584\"><a aria-expanded=\"false\" aria-controls=\"9148353bf231e5584\" role=\"button\" data-toggle=\"collapse\" data-target=\"#9148353bf231e5584\" href=\"#9148353bf231e5584\"><span class=\"fusion-toggle-icon-wrapper\" aria-hidden=\"true\"><i class=\"fa-fusion-box active-icon awb-icon-minus\" aria-hidden=\"true\"><\/i><i class=\"fa-fusion-box inactive-icon awb-icon-plus\" aria-hidden=\"true\"><\/i><\/span><span class=\"fusion-toggle-heading\">Finalit\u00e9 du traitement des donn\u00e9es<\/span><\/a><\/h2><\/div><div id=\"9148353bf231e5584\" class=\"panel-collapse collapse \" aria-labelledby=\"toggle_9148353bf231e5584\"><div class=\"panel-body toggle-content fusion-clearfix\">Nous traitons vos donn\u00e9es personnelles uniquement dans le respect des dispositions applicables en mati\u00e8re de protection des donn\u00e9es. Vos donn\u00e9es ne sont trait\u00e9es que si l&rsquo;une des bases l\u00e9gales suivantes est pr\u00e9sente : <\/p>\n<p>\u2013 pour l&rsquo;ex\u00e9cution de nos prestations contractuelles<\/p>\n<p>\u2013 le traitement est prescrit par la loi<\/p>\n<p>\u2013 en cas de votre consentement<\/p>\n<p>\u2013 en raison de nos int\u00e9r\u00eats l\u00e9gitimes<\/p>\n<p>Nous utilisons vos donn\u00e9es pour r\u00e9pondre aux demandes ou pour prendre contact et communiquer sur la question concern\u00e9e, ainsi que pour l&rsquo;ex\u00e9cution du contrat.<\/p>\n<p>Nous enregistrons et traitons vos donn\u00e9es dans nos programmes d&rsquo;administration, notre programme de messagerie, nos programmes Office.<\/p>\n<p>L&rsquo;acc\u00e8s \u00e0 vos donn\u00e9es est d\u00e9fini selon un concept de droits et de r\u00f4les et n&rsquo;est autoris\u00e9 qu&rsquo;aux personnes n\u00e9cessaires \u00e0 la finalit\u00e9 concern\u00e9e.<\/div><\/div><\/div><div class=\"fusion-panel panel-default panel-28132f405b7be7d39 fusion-toggle-no-divider fusion-toggle-boxed-mode\" style=\"--awb-title-color:var(--awb-color8);--awb-content-color:var(--awb-color8);\"><div class=\"panel-heading\"><h2 class=\"panel-title toggle\" id=\"toggle_28132f405b7be7d39\"><a aria-expanded=\"false\" aria-controls=\"28132f405b7be7d39\" role=\"button\" data-toggle=\"collapse\" data-target=\"#28132f405b7be7d39\" href=\"#28132f405b7be7d39\"><span class=\"fusion-toggle-icon-wrapper\" aria-hidden=\"true\"><i class=\"fa-fusion-box active-icon awb-icon-minus\" aria-hidden=\"true\"><\/i><i class=\"fa-fusion-box inactive-icon awb-icon-plus\" aria-hidden=\"true\"><\/i><\/span><span class=\"fusion-toggle-heading\">Base juridique du traitement<\/span><\/a><\/h2><\/div><div id=\"28132f405b7be7d39\" class=\"panel-collapse collapse \" aria-labelledby=\"toggle_28132f405b7be7d39\"><div class=\"panel-body toggle-content fusion-clearfix\">\n<p>La base juridique du traitement de vos donn\u00e9es personnelles est principalement l&rsquo;art. 6, al. 1, let. b) RGPD. Le traitement est n\u00e9cessaire \u00e0 l&rsquo;ex\u00e9cution d&rsquo;un contrat auquel la personne concern\u00e9e est partie ou \u00e0 l&rsquo;ex\u00e9cution de mesures pr\u00e9contractuelles.   <\/p>\n<p>Le cas \u00e9ch\u00e9ant, nous basons \u00e9galement le traitement sur l&rsquo;art. 6, al. 1, let. f) RGPD. Le traitement a lieu en raison d&rsquo;un int\u00e9r\u00eat l\u00e9gitime. Nous partons du principe que le traitement, par exemple pour la communication, est \u00e9galement dans l&rsquo;int\u00e9r\u00eat de la personne concern\u00e9e. Le stockage de vos donn\u00e9es dans nos programmes d&rsquo;administration internes en fait \u00e9galement partie.     <\/p>\n<p>Pour certains autres traitements, nous basons \u00e9galement le traitement sur votre consentement (art. 6, al. 1, let. a) RGPD). Dans les cas concern\u00e9s, nous recueillons votre consentement s\u00e9par\u00e9ment.<\/p>\n<\/div><\/div><\/div><div class=\"fusion-panel panel-default panel-2fb4eced25751c614 fusion-toggle-no-divider fusion-toggle-boxed-mode\" style=\"--awb-title-color:var(--awb-color8);--awb-content-color:var(--awb-color8);\"><div class=\"panel-heading\"><h2 class=\"panel-title toggle\" id=\"toggle_2fb4eced25751c614\"><a aria-expanded=\"false\" aria-controls=\"2fb4eced25751c614\" role=\"button\" data-toggle=\"collapse\" data-target=\"#2fb4eced25751c614\" href=\"#2fb4eced25751c614\"><span class=\"fusion-toggle-icon-wrapper\" aria-hidden=\"true\"><i class=\"fa-fusion-box active-icon awb-icon-minus\" aria-hidden=\"true\"><\/i><i class=\"fa-fusion-box inactive-icon awb-icon-plus\" aria-hidden=\"true\"><\/i><\/span><span class=\"fusion-toggle-heading\">Dur\u00e9e de conservation ou crit\u00e8res de d\u00e9termination de la dur\u00e9e<\/span><\/a><\/h2><\/div><div id=\"2fb4eced25751c614\" class=\"panel-collapse collapse \" aria-labelledby=\"toggle_2fb4eced25751c614\"><div class=\"panel-body toggle-content fusion-clearfix\">\n<p>Nous conservons vos donn\u00e9es mises \u00e0 notre disposition uniquement le temps n\u00e9cessaire \u00e0 la r\u00e9alisation des finalit\u00e9s susmentionn\u00e9es ou conform\u00e9ment aux nombreux d\u00e9lais de conservation pr\u00e9vus par le l\u00e9gislateur. Par exemple, le d\u00e9lai de conservation de vos donn\u00e9es peut d\u00e9couler du \u00a7 257 du Code de commerce allemand (HGB) ainsi que du \u00a7 147 du Code g\u00e9n\u00e9ral des imp\u00f4ts (AO). Chaque commer\u00e7ant est tenu de conserver les livres de commerce pendant 10 ans, ainsi que les lettres commerciales (y compris les e-mails pertinents pour le contrat) pendant 6 ans. Le d\u00e9lai de conservation commence \u00e0 la fin de l&rsquo;ann\u00e9e civile au cours de laquelle la derni\u00e8re inscription a \u00e9t\u00e9 faite dans le livre de commerce, ou la lettre commerciale a \u00e9t\u00e9 re\u00e7ue ou envoy\u00e9e.   <\/p>\n<p>Si la finalit\u00e9 respective dispara\u00eet ou apr\u00e8s l&rsquo;expiration des d\u00e9lais correspondants, vos donn\u00e9es sont syst\u00e9matiquement bloqu\u00e9es ou supprim\u00e9es conform\u00e9ment aux dispositions l\u00e9gales.<\/p>\n<\/div><\/div><\/div><div class=\"fusion-panel panel-default panel-9d57ca9d900c3133f fusion-toggle-no-divider fusion-toggle-boxed-mode\" style=\"--awb-title-color:var(--awb-color8);--awb-content-color:var(--awb-color8);\"><div class=\"panel-heading\"><h2 class=\"panel-title toggle\" id=\"toggle_9d57ca9d900c3133f\"><a aria-expanded=\"false\" aria-controls=\"9d57ca9d900c3133f\" role=\"button\" data-toggle=\"collapse\" data-target=\"#9d57ca9d900c3133f\" href=\"#9d57ca9d900c3133f\"><span class=\"fusion-toggle-icon-wrapper\" aria-hidden=\"true\"><i class=\"fa-fusion-box active-icon awb-icon-minus\" aria-hidden=\"true\"><\/i><i class=\"fa-fusion-box inactive-icon awb-icon-plus\" aria-hidden=\"true\"><\/i><\/span><span class=\"fusion-toggle-heading\">Transmission de vos donn\u00e9es \u00e0 des tiers<\/span><\/a><\/h2><\/div><div id=\"9d57ca9d900c3133f\" class=\"panel-collapse collapse \" aria-labelledby=\"toggle_9d57ca9d900c3133f\"><div class=\"panel-body toggle-content fusion-clearfix\">\n<p>Nous ne transmettons vos donn\u00e9es personnelles \u00e0 des tiers que si cela est autoris\u00e9 par la loi ou si vous y avez consenti.<\/p>\n<\/div><\/div><\/div><div class=\"fusion-panel panel-default panel-8d11698f591c554cb fusion-toggle-no-divider fusion-toggle-boxed-mode\" style=\"--awb-title-color:var(--awb-color8);--awb-content-color:var(--awb-color8);\"><div class=\"panel-heading\"><h2 class=\"panel-title toggle\" id=\"toggle_8d11698f591c554cb\"><a aria-expanded=\"false\" aria-controls=\"8d11698f591c554cb\" role=\"button\" data-toggle=\"collapse\" data-target=\"#8d11698f591c554cb\" href=\"#8d11698f591c554cb\"><span class=\"fusion-toggle-icon-wrapper\" aria-hidden=\"true\"><i class=\"fa-fusion-box active-icon awb-icon-minus\" aria-hidden=\"true\"><\/i><i class=\"fa-fusion-box inactive-icon awb-icon-plus\" aria-hidden=\"true\"><\/i><\/span><span class=\"fusion-toggle-heading\">Transmission de donn\u00e9es vers un pays tiers ou une organisation internationale<\/span><\/a><\/h2><\/div><div id=\"8d11698f591c554cb\" class=\"panel-collapse collapse \" aria-labelledby=\"toggle_8d11698f591c554cb\"><div class=\"panel-body toggle-content fusion-clearfix\">\n<p>Un pays tiers est un pays dans lequel le RGPD n&rsquo;est pas directement applicable. Cela comprend en principe tous les pays situ\u00e9s en dehors de l&rsquo;UE ou de l&rsquo;Espace \u00e9conomique europ\u00e9en. <\/p>\n<p>Il n&rsquo;y a pas de transfert de donn\u00e9es vers un pays tiers ou une organisation internationale sans base l\u00e9gale.<\/p>\n<p>En utilisant Microsoft 365, nous ne pouvons pas exclure (malgr\u00e9 la configuration des serveurs en Allemagne) qu&rsquo;un transfert de donn\u00e9es vers un pays tiers puisse avoir lieu.<\/p>\n<\/div><\/div><\/div><div class=\"fusion-panel panel-default panel-f6b6eabbe991c91e8 fusion-toggle-no-divider fusion-toggle-boxed-mode\" style=\"--awb-title-color:var(--awb-color8);--awb-content-color:var(--awb-color8);\"><div class=\"panel-heading\"><h2 class=\"panel-title toggle\" id=\"toggle_f6b6eabbe991c91e8\"><a aria-expanded=\"false\" aria-controls=\"f6b6eabbe991c91e8\" role=\"button\" data-toggle=\"collapse\" data-target=\"#f6b6eabbe991c91e8\" href=\"#f6b6eabbe991c91e8\"><span class=\"fusion-toggle-icon-wrapper\" aria-hidden=\"true\"><i class=\"fa-fusion-box active-icon awb-icon-minus\" aria-hidden=\"true\"><\/i><i class=\"fa-fusion-box inactive-icon awb-icon-plus\" aria-hidden=\"true\"><\/i><\/span><span class=\"fusion-toggle-heading\">R\u00e9vocation<\/span><\/a><\/h2><\/div><div id=\"f6b6eabbe991c91e8\" class=\"panel-collapse collapse \" aria-labelledby=\"toggle_f6b6eabbe991c91e8\"><div class=\"panel-body toggle-content fusion-clearfix\">\n<p>Si le traitement est effectu\u00e9 sur la base d&rsquo;un consentement, vous avez la possibilit\u00e9 \u00e0 tout moment de r\u00e9voquer l&rsquo;utilisation de vos donn\u00e9es \u00e0 des fins internes avec effet pour l&rsquo;avenir. Pour ce faire, il suffit d&rsquo;envoyer un e-mail \u00e0 . Bien entendu, vous avez la possibilit\u00e9 d&rsquo;adresser votre r\u00e9vocation par \u00e9crit par voie postale \u00e0 l&rsquo;adresse suivante : HARTER GmbH, Harbatshofen 50, 88167 Stiefenhofen, ou de nous contacter par t\u00e9l\u00e9phone au +49 8383 9223-0 \u00e0 ce sujet.<\/p>\n<\/div><\/div><\/div><div class=\"fusion-panel panel-default panel-5c6eefe0b4a6df55b fusion-toggle-no-divider fusion-toggle-boxed-mode\" style=\"--awb-title-color:var(--awb-color8);--awb-content-color:var(--awb-color8);\"><div class=\"panel-heading\"><h2 class=\"panel-title toggle\" id=\"toggle_5c6eefe0b4a6df55b\"><a aria-expanded=\"false\" aria-controls=\"5c6eefe0b4a6df55b\" role=\"button\" data-toggle=\"collapse\" data-target=\"#5c6eefe0b4a6df55b\" href=\"#5c6eefe0b4a6df55b\"><span class=\"fusion-toggle-icon-wrapper\" aria-hidden=\"true\"><i class=\"fa-fusion-box active-icon awb-icon-minus\" aria-hidden=\"true\"><\/i><i class=\"fa-fusion-box inactive-icon awb-icon-plus\" aria-hidden=\"true\"><\/i><\/span><span class=\"fusion-toggle-heading\">Information sur les droits des personnes concern\u00e9es<\/span><\/a><\/h2><\/div><div id=\"5c6eefe0b4a6df55b\" class=\"panel-collapse collapse \" aria-labelledby=\"toggle_5c6eefe0b4a6df55b\"><div class=\"panel-body toggle-content fusion-clearfix\">\n<p>Vous avez le droit d&rsquo;obtenir des informations sur les donn\u00e9es personnelles vous concernant. Vous pouvez \u00e9galement demander la rectification de donn\u00e9es incorrectes. En outre, vous disposez, sous certaines conditions, du droit \u00e0 l&rsquo;effacement des donn\u00e9es, du droit \u00e0 la limitation du traitement des donn\u00e9es ainsi que du droit \u00e0 la portabilit\u00e9 des donn\u00e9es.<\/p>\n<\/div><\/div><\/div><div class=\"fusion-panel panel-default panel-74eb71f7c3c9acd0d fusion-toggle-no-divider fusion-toggle-boxed-mode\" style=\"--awb-title-color:var(--awb-color8);--awb-content-color:var(--awb-color8);\"><div class=\"panel-heading\"><h2 class=\"panel-title toggle\" id=\"toggle_74eb71f7c3c9acd0d\"><a aria-expanded=\"false\" aria-controls=\"74eb71f7c3c9acd0d\" role=\"button\" data-toggle=\"collapse\" data-target=\"#74eb71f7c3c9acd0d\" href=\"#74eb71f7c3c9acd0d\"><span class=\"fusion-toggle-icon-wrapper\" aria-hidden=\"true\"><i class=\"fa-fusion-box active-icon awb-icon-minus\" aria-hidden=\"true\"><\/i><i class=\"fa-fusion-box inactive-icon awb-icon-plus\" aria-hidden=\"true\"><\/i><\/span><span class=\"fusion-toggle-heading\">Coordonn\u00e9es du d\u00e9l\u00e9gu\u00e9 \u00e0 la protection des donn\u00e9es<\/span><\/a><\/h2><\/div><div id=\"74eb71f7c3c9acd0d\" class=\"panel-collapse collapse \" aria-labelledby=\"toggle_74eb71f7c3c9acd0d\"><div class=\"panel-body toggle-content fusion-clearfix\">\n<p>Datenschutzkanzlei Lenz GmbH &amp; Co. KG<\/p>\n<p>Sven Lenz<br \/>\nBahnhofstra\u00dfe 50<br \/>\nD-87435 Kempten<\/p>\n<p>T\u00e9l\u00e9phone : +49 831 930653-00<\/p>\n<p>E-mail : <a href=\"mailto:datenschutz@harter-gmbh.de\">datenschutz@harter-gmbh.de<\/a><\/p>\n<\/div><\/div><\/div><div class=\"fusion-panel panel-default panel-85f67c5247e571ab1 fusion-toggle-no-divider fusion-toggle-boxed-mode\" style=\"--awb-title-color:var(--awb-color8);--awb-content-color:var(--awb-color8);\"><div class=\"panel-heading\"><h2 class=\"panel-title toggle\" id=\"toggle_85f67c5247e571ab1\"><a aria-expanded=\"false\" aria-controls=\"85f67c5247e571ab1\" role=\"button\" data-toggle=\"collapse\" data-target=\"#85f67c5247e571ab1\" href=\"#85f67c5247e571ab1\"><span class=\"fusion-toggle-icon-wrapper\" aria-hidden=\"true\"><i class=\"fa-fusion-box active-icon awb-icon-minus\" aria-hidden=\"true\"><\/i><i class=\"fa-fusion-box inactive-icon awb-icon-plus\" aria-hidden=\"true\"><\/i><\/span><span class=\"fusion-toggle-heading\">Information sur le droit de recours aupr\u00e8s de l&#039;autorit\u00e9 de contr\u00f4le<\/span><\/a><\/h2><\/div><div id=\"85f67c5247e571ab1\" class=\"panel-collapse collapse \" aria-labelledby=\"toggle_85f67c5247e571ab1\"><div class=\"panel-body toggle-content fusion-clearfix\">\n<p>Vous avez le droit de d\u00e9poser une plainte aupr\u00e8s de l&rsquo;autorit\u00e9 de contr\u00f4le comp\u00e9tente en mati\u00e8re de protection des donn\u00e9es si vous estimez que le traitement de vos donn\u00e9es personnelles n&rsquo;est pas l\u00e9gal.<\/p>\n<p>L&rsquo;adresse de l&rsquo;autorit\u00e9 de contr\u00f4le comp\u00e9tente pour nous est la suivante :<\/p>\n<p>Bayerisches Landesamt f\u00fcr Datenschutzaufsicht (BayLDA)<br \/>\nPromenade 27<br \/>\n91522 Ansbach<br \/>\nAllemagne<\/p>\n<p>T\u00e9l\u00e9phone : +49 981 53-1300<\/p>\n<p>T\u00e9l\u00e9copie : +49 981 53-981300<\/p>\n<p>Vous pouvez ouvrir le formulaire de plainte de l&rsquo;Office bavarois de surveillance de la protection des donn\u00e9es via le lien suivant : <a href=\"https:\/\/www.lda.bayern.de\/de\/beschwerde.html\" target=\"_blank\" rel=\"noopener\">https:\/\/www.lda.bayern.de\/de\/beschwerde.html<\/a><\/p>\n<\/div><\/div><\/div><\/div><\/div><\/div><\/div><\/div><\/div><\/p>\n","protected":false},"excerpt":{"rendered":"","protected":false},"author":1,"featured_media":0,"parent":0,"menu_order":0,"comment_status":"closed","ping_status":"open","template":"","meta":{"_acf_changed":false,"footnotes":""},"class_list":["post-11222","page","type-page","status-publish","hentry"],"acf":[],"_links":{"self":[{"href":"https:\/\/harter-gmbh.de\/fr\/wp-json\/wp\/v2\/pages\/11222","targetHints":{"allow":["GET"]}}],"collection":[{"href":"https:\/\/harter-gmbh.de\/fr\/wp-json\/wp\/v2\/pages"}],"about":[{"href":"https:\/\/harter-gmbh.de\/fr\/wp-json\/wp\/v2\/types\/page"}],"author":[{"embeddable":true,"href":"https:\/\/harter-gmbh.de\/fr\/wp-json\/wp\/v2\/users\/1"}],"replies":[{"embeddable":true,"href":"https:\/\/harter-gmbh.de\/fr\/wp-json\/wp\/v2\/comments?post=11222"}],"version-history":[{"count":3,"href":"https:\/\/harter-gmbh.de\/fr\/wp-json\/wp\/v2\/pages\/11222\/revisions"}],"predecessor-version":[{"id":11229,"href":"https:\/\/harter-gmbh.de\/fr\/wp-json\/wp\/v2\/pages\/11222\/revisions\/11229"}],"wp:attachment":[{"href":"https:\/\/harter-gmbh.de\/fr\/wp-json\/wp\/v2\/media?parent=11222"}],"curies":[{"name":"wp","href":"https:\/\/api.w.org\/{rel}","templated":true}]}}