{"id":11219,"date":"2025-08-20T14:03:30","date_gmt":"2025-08-20T12:03:30","guid":{"rendered":"https:\/\/harter-gmbh.de\/informazioni-per-i-nuovi-contatti\/"},"modified":"2025-10-27T17:42:33","modified_gmt":"2025-10-27T15:42:33","slug":"informazioni-per-i-nuovi-contatti","status":"publish","type":"page","link":"https:\/\/harter-gmbh.de\/it\/informazioni-per-i-nuovi-contatti\/","title":{"rendered":"Informazioni per i nuovi contatti"},"content":{"rendered":"<p><div class=\"fusion-fullwidth fullwidth-box fusion-builder-row-1 fusion-flex-container has-pattern-background has-mask-background nonhundred-percent-fullwidth non-hundred-percent-height-scrolling\" style=\"--awb-border-radius-top-left:0px;--awb-border-radius-top-right:0px;--awb-border-radius-bottom-right:0px;--awb-border-radius-bottom-left:0px;--awb-flex-wrap:wrap;\" ><div class=\"fusion-builder-row fusion-row fusion-flex-align-items-flex-start fusion-flex-content-wrap\" style=\"max-width:1372.8px;margin-left: calc(-4% \/ 2 );margin-right: calc(-4% \/ 2 );\"><div class=\"fusion-layout-column fusion_builder_column fusion-builder-column-0 fusion_builder_column_1_1 1_1 fusion-flex-column\" style=\"--awb-overflow:hidden;--awb-bg-size:cover;--awb-border-radius:0px 0px 0px 50px;--awb-width-large:100%;--awb-margin-top-large:0px;--awb-spacing-right-large:1.92%;--awb-margin-bottom-large:20px;--awb-spacing-left-large:1.92%;--awb-width-medium:100%;--awb-order-medium:0;--awb-spacing-right-medium:1.92%;--awb-spacing-left-medium:1.92%;--awb-width-small:100%;--awb-order-small:0;--awb-spacing-right-small:1.92%;--awb-spacing-left-small:1.92%;\" data-scroll-devices=\"small-visibility,medium-visibility,large-visibility\"><div class=\"fusion-column-wrapper fusion-column-has-shadow fusion-flex-justify-content-flex-start fusion-content-layout-column\"><div class=\"fusion-image-element \" style=\"--awb-caption-title-font-family:var(--h2_typography-font-family);--awb-caption-title-font-weight:var(--h2_typography-font-weight);--awb-caption-title-font-style:var(--h2_typography-font-style);--awb-caption-title-size:var(--h2_typography-font-size);--awb-caption-title-transform:var(--h2_typography-text-transform);--awb-caption-title-line-height:var(--h2_typography-line-height);--awb-caption-title-letter-spacing:var(--h2_typography-letter-spacing);\"><span class=\" fusion-imageframe imageframe-none imageframe-1 hover-type-none\"><img decoding=\"async\" width=\"2560\" height=\"801\" title=\"Harter-Trocknungssysteme_Stiefenhofen\" src=\"https:\/\/harter-gmbh.de\/wp-content\/uploads\/2025\/08\/Harter-Trocknungssysteme_Stiefenhofen.jpg\" data-orig-src=\"https:\/\/harter-gmbh.de\/wp-content\/uploads\/2025\/08\/Harter-Trocknungssysteme_Stiefenhofen.jpg\" alt class=\"lazyload img-responsive wp-image-10046\" srcset=\"data:image\/svg+xml,%3Csvg%20xmlns%3D%27http%3A%2F%2Fwww.w3.org%2F2000%2Fsvg%27%20width%3D%272560%27%20height%3D%27801%27%20viewBox%3D%270%200%202560%20801%27%3E%3Crect%20width%3D%272560%27%20height%3D%27801%27%20fill-opacity%3D%220%22%2F%3E%3C%2Fsvg%3E\" data-srcset=\"https:\/\/harter-gmbh.de\/wp-content\/uploads\/2025\/08\/Harter-Trocknungssysteme_Stiefenhofen-200x63.jpg 200w, https:\/\/harter-gmbh.de\/wp-content\/uploads\/2025\/08\/Harter-Trocknungssysteme_Stiefenhofen-400x125.jpg 400w, https:\/\/harter-gmbh.de\/wp-content\/uploads\/2025\/08\/Harter-Trocknungssysteme_Stiefenhofen-600x188.jpg 600w, https:\/\/harter-gmbh.de\/wp-content\/uploads\/2025\/08\/Harter-Trocknungssysteme_Stiefenhofen-800x250.jpg 800w, https:\/\/harter-gmbh.de\/wp-content\/uploads\/2025\/08\/Harter-Trocknungssysteme_Stiefenhofen-1200x375.jpg 1200w, https:\/\/harter-gmbh.de\/wp-content\/uploads\/2025\/08\/Harter-Trocknungssysteme_Stiefenhofen.jpg 2560w\" data-sizes=\"auto\" data-orig-sizes=\"(max-width: 800px) 100vw, 2560px\" \/><\/span><\/div><\/div><\/div><\/div><\/div><div class=\"fusion-fullwidth fullwidth-box fusion-builder-row-2 fusion-flex-container has-pattern-background has-mask-background nonhundred-percent-fullwidth non-hundred-percent-height-scrolling\" style=\"--awb-border-radius-top-left:0px;--awb-border-radius-top-right:0px;--awb-border-radius-bottom-right:0px;--awb-border-radius-bottom-left:0px;--awb-flex-wrap:wrap;\" ><div class=\"fusion-builder-row fusion-row fusion-flex-align-items-flex-start fusion-flex-content-wrap\" style=\"max-width:1372.8px;margin-left: calc(-4% \/ 2 );margin-right: calc(-4% \/ 2 );\"><div class=\"fusion-layout-column fusion_builder_column fusion-builder-column-1 fusion_builder_column_1_1 1_1 fusion-flex-column\" style=\"--awb-bg-size:cover;--awb-width-large:100%;--awb-margin-top-large:0px;--awb-spacing-right-large:1.92%;--awb-margin-bottom-large:20px;--awb-spacing-left-large:1.92%;--awb-width-medium:100%;--awb-order-medium:0;--awb-spacing-right-medium:1.92%;--awb-spacing-left-medium:1.92%;--awb-width-small:100%;--awb-order-small:0;--awb-spacing-right-small:1.92%;--awb-spacing-left-small:1.92%;\"><div class=\"fusion-column-wrapper fusion-column-has-shadow fusion-flex-justify-content-flex-start fusion-content-layout-column\"><div class=\"fusion-title title fusion-title-1 fusion-sep-none fusion-title-text fusion-title-size-one\" style=\"--awb-margin-top:20px;--awb-margin-bottom:25px;\"><h1 class=\"fusion-title-heading title-heading-left fusion-responsive-typography-calculated\" style=\"margin:0;--fontSize:56;line-height:var(--awb-typography1-line-height);\">Informativa ai sensi dell&#8217;art. 13 del GDPR<br \/>\nper i nuovi contatti<\/h1><\/div><\/div><\/div><\/div><\/div><div class=\"fusion-fullwidth fullwidth-box fusion-builder-row-3 fusion-flex-container has-pattern-background has-mask-background nonhundred-percent-fullwidth non-hundred-percent-height-scrolling\" style=\"--awb-border-radius-top-left:0px;--awb-border-radius-top-right:0px;--awb-border-radius-bottom-right:0px;--awb-border-radius-bottom-left:0px;--awb-flex-wrap:wrap;\" ><div class=\"fusion-builder-row fusion-row fusion-flex-align-items-flex-start fusion-flex-content-wrap\" style=\"max-width:1372.8px;margin-left: calc(-4% \/ 2 );margin-right: calc(-4% \/ 2 );\"><div class=\"fusion-layout-column fusion_builder_column fusion-builder-column-2 fusion_builder_column_1_1 1_1 fusion-flex-column\" style=\"--awb-bg-size:cover;--awb-width-large:100%;--awb-margin-top-large:0px;--awb-spacing-right-large:1.92%;--awb-margin-bottom-large:20px;--awb-spacing-left-large:1.92%;--awb-width-medium:100%;--awb-order-medium:0;--awb-spacing-right-medium:1.92%;--awb-spacing-left-medium:1.92%;--awb-width-small:100%;--awb-order-small:0;--awb-spacing-right-small:1.92%;--awb-spacing-left-small:1.92%;\"><div class=\"fusion-column-wrapper fusion-column-has-shadow fusion-flex-justify-content-flex-start fusion-content-layout-column\"><div class=\"fusion-text fusion-text-1\"><p>Responsabilit\u00e0 del trattamento dei dati<\/p>\n<p>HARTER GmbH<br \/>\nHarbatshofen 50<br \/>\n88167 Stiefenhofen<br \/>\nGermania<\/p>\n<\/div><div class=\"fusion-separator\" style=\"align-self: flex-start;margin-right:auto;margin-top:5px;width:100%;max-width:282px;\"><div class=\"fusion-separator-border sep-single sep-dotted\" style=\"--awb-height:20px;--awb-amount:20px;--awb-sep-color:var(--awb-color4);border-color:var(--awb-color4);border-top-width:1px;\"><\/div><\/div>\n<\/div><\/div><\/div><\/div><div class=\"fusion-fullwidth fullwidth-box fusion-builder-row-4 fusion-flex-container has-pattern-background has-mask-background nonhundred-percent-fullwidth non-hundred-percent-height-scrolling\" style=\"--awb-border-radius-top-left:0px;--awb-border-radius-top-right:0px;--awb-border-radius-bottom-right:0px;--awb-border-radius-bottom-left:0px;--awb-margin-top:4%;--awb-flex-wrap:wrap;\" ><div class=\"fusion-builder-row fusion-row fusion-flex-align-items-flex-start fusion-flex-content-wrap\" style=\"max-width:1372.8px;margin-left: calc(-4% \/ 2 );margin-right: calc(-4% \/ 2 );\"><div class=\"fusion-layout-column fusion_builder_column fusion-builder-column-3 fusion_builder_column_1_1 1_1 fusion-flex-column\" style=\"--awb-bg-size:cover;--awb-width-large:100%;--awb-margin-top-large:0px;--awb-spacing-right-large:1.92%;--awb-margin-bottom-large:20px;--awb-spacing-left-large:1.92%;--awb-width-medium:100%;--awb-order-medium:0;--awb-spacing-right-medium:1.92%;--awb-spacing-left-medium:1.92%;--awb-width-small:100%;--awb-order-small:0;--awb-spacing-right-small:1.92%;--awb-spacing-left-small:1.92%;\"><div class=\"fusion-column-wrapper fusion-column-has-shadow fusion-flex-justify-content-flex-start fusion-content-layout-column\"><div class=\"accordian fusion-accordian\" style=\"--awb-border-size:1px;--awb-icon-size:16px;--awb-content-font-size:var(--awb-typography4-font-size);--awb-icon-alignment:left;--awb-hover-color:var(--awb-color2);--awb-border-color:var(--awb-color3);--awb-background-color:var(--awb-color1);--awb-divider-color:var(--awb-color3);--awb-divider-hover-color:var(--awb-color3);--awb-icon-color:var(--awb-color1);--awb-title-color:var(--awb-color8);--awb-content-color:var(--awb-color8);--awb-icon-box-color:var(--awb-color8);--awb-toggle-hover-accent-color:var(--awb-color5);--awb-title-font-family:var(--awb-custom_typography_4-font-family);--awb-title-font-weight:var(--awb-custom_typography_4-font-weight);--awb-title-font-style:var(--awb-custom_typography_4-font-style);--awb-title-font-size:var(--awb-custom_typography_4-font-size);--awb-title-letter-spacing:var(--awb-custom_typography_4-letter-spacing);--awb-title-line-height:var(--awb-custom_typography_4-line-height);--awb-content-font-family:var(--awb-typography4-font-family);--awb-content-font-weight:var(--awb-typography4-font-weight);--awb-content-font-style:var(--awb-typography4-font-style);\"><div class=\"panel-group fusion-toggle-icon-boxed\" id=\"accordion-11219-1\"><div class=\"fusion-panel panel-default panel-2a27dc667ebf3499b fusion-toggle-no-divider fusion-toggle-boxed-mode\" style=\"--awb-title-color:var(--awb-color8);--awb-content-color:var(--awb-color8);\"><div class=\"panel-heading\"><h2 class=\"panel-title toggle\" id=\"toggle_2a27dc667ebf3499b\"><a aria-expanded=\"false\" aria-controls=\"2a27dc667ebf3499b\" role=\"button\" data-toggle=\"collapse\" data-target=\"#2a27dc667ebf3499b\" href=\"#2a27dc667ebf3499b\"><span class=\"fusion-toggle-icon-wrapper\" aria-hidden=\"true\"><i class=\"fa-fusion-box active-icon awb-icon-minus\" aria-hidden=\"true\"><\/i><i class=\"fa-fusion-box inactive-icon awb-icon-plus\" aria-hidden=\"true\"><\/i><\/span><span class=\"fusion-toggle-heading\">Scopo del trattamento dei dati<\/span><\/a><\/h2><\/div><div id=\"2a27dc667ebf3499b\" class=\"panel-collapse collapse \" aria-labelledby=\"toggle_2a27dc667ebf3499b\"><div class=\"panel-body toggle-content fusion-clearfix\">Trattiamo i Suoi dati personali solo nel rispetto delle disposizioni applicabili in materia di protezione dei dati. I Suoi dati vengono trattati solo in presenza dei seguenti presupposti di legge: <\/p>\n<p>\u2013 per l&#8217;adempimento delle nostre prestazioni contrattuali<\/p>\n<p>\u2013 il trattamento \u00e8 previsto dalla legge<\/p>\n<p>\u2013 in presenza del suo consenso<\/p>\n<p>\u2013 sulla base dei nostri legittimi interessi<\/p>\n<p>Utilizziamo i Suoi dati per rispondere a richieste o per contattarLa e comunicare in merito alla rispettiva questione, nonch\u00e9 per l&#8217;esecuzione del contratto.<\/p>\n<p>Memorizziamo ed elaboriamo i Suoi dati nei nostri programmi di gestione, nel programma di posta elettronica e nei programmi di Office.<\/p>\n<p>L&#8217;accesso ai Suoi dati \u00e8 definito secondo un concetto di diritti e ruoli ed \u00e8 consentito solo alla cerchia di persone necessaria per il rispettivo scopo.<\/div><\/div><\/div><div class=\"fusion-panel panel-default panel-a8c000722e7df0870 fusion-toggle-no-divider fusion-toggle-boxed-mode\" style=\"--awb-title-color:var(--awb-color8);--awb-content-color:var(--awb-color8);\"><div class=\"panel-heading\"><h2 class=\"panel-title toggle\" id=\"toggle_a8c000722e7df0870\"><a aria-expanded=\"false\" aria-controls=\"a8c000722e7df0870\" role=\"button\" data-toggle=\"collapse\" data-target=\"#a8c000722e7df0870\" href=\"#a8c000722e7df0870\"><span class=\"fusion-toggle-icon-wrapper\" aria-hidden=\"true\"><i class=\"fa-fusion-box active-icon awb-icon-minus\" aria-hidden=\"true\"><\/i><i class=\"fa-fusion-box inactive-icon awb-icon-plus\" aria-hidden=\"true\"><\/i><\/span><span class=\"fusion-toggle-heading\">Base giuridica del trattamento<\/span><\/a><\/h2><\/div><div id=\"a8c000722e7df0870\" class=\"panel-collapse collapse \" aria-labelledby=\"toggle_a8c000722e7df0870\"><div class=\"panel-body toggle-content fusion-clearfix\">\n<p>La base giuridica per il trattamento dei Suoi dati personali \u00e8 principalmente l&#8217;art. 6 comma 1 lett. b) del GDPR. Il trattamento \u00e8 necessario per l&#8217;esecuzione di un contratto di cui l&#8217;interessato \u00e8 parte o per l&#8217;esecuzione di misure precontrattuali.   <\/p>\n<p>Se necessario, basiamo il trattamento anche sull&#8217;art. 6 comma 1 lett. f) del GDPR. Il trattamento avviene sulla base di un legittimo interesse. Presupponiamo che il trattamento, ad esempio per la comunicazione, sia anche nell&#8217;interesse dell&#8217;interessato. Ci\u00f2 include anche la memorizzazione dei Suoi dati nei nostri programmi di gestione interni.     <\/p>\n<p>Per alcuni altri trattamenti, basiamo il trattamento anche sul Suo consenso (art. 6 comma 1 lett. a) del GDPR). Nei casi in questione, otteniamo il Suo consenso separatamente.<\/p>\n<\/div><\/div><\/div><div class=\"fusion-panel panel-default panel-a86467fc3cc07929f fusion-toggle-no-divider fusion-toggle-boxed-mode\" style=\"--awb-title-color:var(--awb-color8);--awb-content-color:var(--awb-color8);\"><div class=\"panel-heading\"><h2 class=\"panel-title toggle\" id=\"toggle_a86467fc3cc07929f\"><a aria-expanded=\"false\" aria-controls=\"a86467fc3cc07929f\" role=\"button\" data-toggle=\"collapse\" data-target=\"#a86467fc3cc07929f\" href=\"#a86467fc3cc07929f\"><span class=\"fusion-toggle-icon-wrapper\" aria-hidden=\"true\"><i class=\"fa-fusion-box active-icon awb-icon-minus\" aria-hidden=\"true\"><\/i><i class=\"fa-fusion-box inactive-icon awb-icon-plus\" aria-hidden=\"true\"><\/i><\/span><span class=\"fusion-toggle-heading\">Durata della conservazione ovvero criteri per la determinazione della durata<\/span><\/a><\/h2><\/div><div id=\"a86467fc3cc07929f\" class=\"panel-collapse collapse \" aria-labelledby=\"toggle_a86467fc3cc07929f\"><div class=\"panel-body toggle-content fusion-clearfix\">\n<p>Conserviamo i dati messi a nostra disposizione solo per il tempo necessario a raggiungere gli scopi sopra indicati o per il tempo stabilito dai diversi periodi di conservazione previsti dalla legge. Ad esempio, il periodo di conservazione dei Suoi dati pu\u00f2 derivare dal \u00a7 257 del Codice commerciale tedesco (HGB) e dal \u00a7 147 del Codice tributario (AO). Qui ogni commerciante \u00e8 tenuto a conservare i libri contabili per un periodo di 10 anni e le lettere commerciali (comprese le e-mail rilevanti per il contratto) per un periodo di 6 anni. Il periodo di conservazione inizia con la fine dell&#8217;anno civile in cui \u00e8 stata effettuata l&#8217;ultima registrazione nel libro contabile o in cui \u00e8 stata ricevuta o inviata la lettera commerciale.   <\/p>\n<p>Se lo scopo rispettivo viene meno o dopo la scadenza dei termini corrispondenti, i Suoi dati vengono bloccati o cancellati di routine e in conformit\u00e0 con le disposizioni di legge.<\/p>\n<\/div><\/div><\/div><div class=\"fusion-panel panel-default panel-3a56c2b66f164895e fusion-toggle-no-divider fusion-toggle-boxed-mode\" style=\"--awb-title-color:var(--awb-color8);--awb-content-color:var(--awb-color8);\"><div class=\"panel-heading\"><h2 class=\"panel-title toggle\" id=\"toggle_3a56c2b66f164895e\"><a aria-expanded=\"false\" aria-controls=\"3a56c2b66f164895e\" role=\"button\" data-toggle=\"collapse\" data-target=\"#3a56c2b66f164895e\" href=\"#3a56c2b66f164895e\"><span class=\"fusion-toggle-icon-wrapper\" aria-hidden=\"true\"><i class=\"fa-fusion-box active-icon awb-icon-minus\" aria-hidden=\"true\"><\/i><i class=\"fa-fusion-box inactive-icon awb-icon-plus\" aria-hidden=\"true\"><\/i><\/span><span class=\"fusion-toggle-heading\">Trasmissione dei Suoi dati a terzi<\/span><\/a><\/h2><\/div><div id=\"3a56c2b66f164895e\" class=\"panel-collapse collapse \" aria-labelledby=\"toggle_3a56c2b66f164895e\"><div class=\"panel-body toggle-content fusion-clearfix\">\n<p>Trasmettiamo i Suoi dati personali a terzi solo se ci\u00f2 \u00e8 consentito dalla legge o se Lei ha acconsentito.<\/p>\n<\/div><\/div><\/div><div class=\"fusion-panel panel-default panel-30f138f0c176cdae4 fusion-toggle-no-divider fusion-toggle-boxed-mode\" style=\"--awb-title-color:var(--awb-color8);--awb-content-color:var(--awb-color8);\"><div class=\"panel-heading\"><h2 class=\"panel-title toggle\" id=\"toggle_30f138f0c176cdae4\"><a aria-expanded=\"false\" aria-controls=\"30f138f0c176cdae4\" role=\"button\" data-toggle=\"collapse\" data-target=\"#30f138f0c176cdae4\" href=\"#30f138f0c176cdae4\"><span class=\"fusion-toggle-icon-wrapper\" aria-hidden=\"true\"><i class=\"fa-fusion-box active-icon awb-icon-minus\" aria-hidden=\"true\"><\/i><i class=\"fa-fusion-box inactive-icon awb-icon-plus\" aria-hidden=\"true\"><\/i><\/span><span class=\"fusion-toggle-heading\">Trasmissione di dati a un paese terzo o a un&#039;organizzazione internazionale<\/span><\/a><\/h2><\/div><div id=\"30f138f0c176cdae4\" class=\"panel-collapse collapse \" aria-labelledby=\"toggle_30f138f0c176cdae4\"><div class=\"panel-body toggle-content fusion-clearfix\">\n<p>Per paese terzo si intendono i paesi in cui il GDPR non \u00e8 diritto direttamente applicabile. Ci\u00f2 comprende fondamentalmente tutti i paesi al di fuori dell&#8217;UE o dello Spazio economico europeo. <\/p>\n<p>Non avviene alcuna trasmissione di dati a un paese terzo o a un&#8217;organizzazione internazionale senza una base giuridica.<\/p>\n<p>Utilizzando Microsoft 365, non possiamo escludere (nonostante l&#8217;impostazione dei server in Germania) che possa verificarsi una trasmissione di dati a un paese terzo.<\/p>\n<\/div><\/div><\/div><div class=\"fusion-panel panel-default panel-5562924454b9a42b3 fusion-toggle-no-divider fusion-toggle-boxed-mode\" style=\"--awb-title-color:var(--awb-color8);--awb-content-color:var(--awb-color8);\"><div class=\"panel-heading\"><h2 class=\"panel-title toggle\" id=\"toggle_5562924454b9a42b3\"><a aria-expanded=\"false\" aria-controls=\"5562924454b9a42b3\" role=\"button\" data-toggle=\"collapse\" data-target=\"#5562924454b9a42b3\" href=\"#5562924454b9a42b3\"><span class=\"fusion-toggle-icon-wrapper\" aria-hidden=\"true\"><i class=\"fa-fusion-box active-icon awb-icon-minus\" aria-hidden=\"true\"><\/i><i class=\"fa-fusion-box inactive-icon awb-icon-plus\" aria-hidden=\"true\"><\/i><\/span><span class=\"fusion-toggle-heading\">Revoca<\/span><\/a><\/h2><\/div><div id=\"5562924454b9a42b3\" class=\"panel-collapse collapse \" aria-labelledby=\"toggle_5562924454b9a42b3\"><div class=\"panel-body toggle-content fusion-clearfix\">\n<p>Se il trattamento avviene sulla base del consenso, Lei ha la possibilit\u00e0 di revocare in qualsiasi momento l&#8217;utilizzo dei Suoi dati per scopi interni con effetto per il futuro. A tal fine, \u00e8 sufficiente inviare una e-mail all&#8217;indirizzo. Naturalmente, ha la possibilit\u00e0 di inviare la Sua revoca per iscritto per posta al seguente indirizzo HARTER GmbH, Harbatshofen 50, 88167 Stiefenhofen, oppure di contattarci telefonicamente al numero +49 8383 9223-0.<\/p>\n<\/div><\/div><\/div><div class=\"fusion-panel panel-default panel-cda69b9d322d01eda fusion-toggle-no-divider fusion-toggle-boxed-mode\" style=\"--awb-title-color:var(--awb-color8);--awb-content-color:var(--awb-color8);\"><div class=\"panel-heading\"><h2 class=\"panel-title toggle\" id=\"toggle_cda69b9d322d01eda\"><a aria-expanded=\"false\" aria-controls=\"cda69b9d322d01eda\" role=\"button\" data-toggle=\"collapse\" data-target=\"#cda69b9d322d01eda\" href=\"#cda69b9d322d01eda\"><span class=\"fusion-toggle-icon-wrapper\" aria-hidden=\"true\"><i class=\"fa-fusion-box active-icon awb-icon-minus\" aria-hidden=\"true\"><\/i><i class=\"fa-fusion-box inactive-icon awb-icon-plus\" aria-hidden=\"true\"><\/i><\/span><span class=\"fusion-toggle-heading\">Informazioni sui rispettivi diritti dell&#039;interessato<\/span><\/a><\/h2><\/div><div id=\"cda69b9d322d01eda\" class=\"panel-collapse collapse \" aria-labelledby=\"toggle_cda69b9d322d01eda\"><div class=\"panel-body toggle-content fusion-clearfix\">\n<p>Lei ha il diritto di ricevere informazioni sui dati personali che La riguardano. Pu\u00f2 anche richiedere la correzione di dati errati. Inoltre, a determinate condizioni, ha il diritto alla cancellazione dei dati, il diritto alla limitazione del trattamento dei dati e il diritto alla portabilit\u00e0 dei dati.<\/p>\n<\/div><\/div><\/div><div class=\"fusion-panel panel-default panel-07762549dcb574170 fusion-toggle-no-divider fusion-toggle-boxed-mode\" style=\"--awb-title-color:var(--awb-color8);--awb-content-color:var(--awb-color8);\"><div class=\"panel-heading\"><h2 class=\"panel-title toggle\" id=\"toggle_07762549dcb574170\"><a aria-expanded=\"false\" aria-controls=\"07762549dcb574170\" role=\"button\" data-toggle=\"collapse\" data-target=\"#07762549dcb574170\" href=\"#07762549dcb574170\"><span class=\"fusion-toggle-icon-wrapper\" aria-hidden=\"true\"><i class=\"fa-fusion-box active-icon awb-icon-minus\" aria-hidden=\"true\"><\/i><i class=\"fa-fusion-box inactive-icon awb-icon-plus\" aria-hidden=\"true\"><\/i><\/span><span class=\"fusion-toggle-heading\">Dati di contatto del responsabile della protezione dei dati<\/span><\/a><\/h2><\/div><div id=\"07762549dcb574170\" class=\"panel-collapse collapse \" aria-labelledby=\"toggle_07762549dcb574170\"><div class=\"panel-body toggle-content fusion-clearfix\">\n<p>Datenschutzkanzlei Lenz GmbH &amp; Co. KG<\/p>\n<p>Sven Lenz<br \/>\nBahnhofstra\u00dfe 50<br \/>\nD-87435 Kempten<\/p>\n<p>Telefono: +49 831 930653-00<\/p>\n<p>E-mail: <a href=\"mailto:datenschutz@harter-gmbh.de\">datenschutz@harter-gmbh.de<\/a><\/p>\n<\/div><\/div><\/div><div class=\"fusion-panel panel-default panel-3285ff2224403ddcc fusion-toggle-no-divider fusion-toggle-boxed-mode\" style=\"--awb-title-color:var(--awb-color8);--awb-content-color:var(--awb-color8);\"><div class=\"panel-heading\"><h2 class=\"panel-title toggle\" id=\"toggle_3285ff2224403ddcc\"><a aria-expanded=\"false\" aria-controls=\"3285ff2224403ddcc\" role=\"button\" data-toggle=\"collapse\" data-target=\"#3285ff2224403ddcc\" href=\"#3285ff2224403ddcc\"><span class=\"fusion-toggle-icon-wrapper\" aria-hidden=\"true\"><i class=\"fa-fusion-box active-icon awb-icon-minus\" aria-hidden=\"true\"><\/i><i class=\"fa-fusion-box inactive-icon awb-icon-plus\" aria-hidden=\"true\"><\/i><\/span><span class=\"fusion-toggle-heading\">Informazioni sul diritto di reclamo presso l&#039;autorit\u00e0 di controllo<\/span><\/a><\/h2><\/div><div id=\"3285ff2224403ddcc\" class=\"panel-collapse collapse \" aria-labelledby=\"toggle_3285ff2224403ddcc\"><div class=\"panel-body toggle-content fusion-clearfix\">\n<p>Lei ha il diritto di presentare un reclamo all&#8217;autorit\u00e0 di controllo competente per la protezione dei dati, se ritiene che il trattamento dei Suoi dati personali non sia lecito.<\/p>\n<p>L&#8217;indirizzo dell&#8217;autorit\u00e0 di controllo competente per noi \u00e8 il seguente:<\/p>\n<p>Bayerisches Landesamt f\u00fcr Datenschutzaufsicht (BayLDA)<br \/>\nPromenade 27<br \/>\n91522 Ansbach<br \/>\nGermania<\/p>\n<p>Telefono: +49 981 53-1300<\/p>\n<p>Telefax: +49 981 53-981300<\/p>\n<p>Pu\u00f2 aprire il modulo di reclamo dell&#8217;Ufficio statale bavarese per la supervisione della protezione dei dati tramite il seguente link: <a href=\"https:\/\/www.lda.bayern.de\/de\/beschwerde.html\" target=\"_blank\" rel=\"noopener\">https:\/\/www.lda.bayern.de\/de\/beschwerde.html<\/a><\/p>\n<\/div><\/div><\/div><\/div><\/div><\/div><\/div><\/div><\/div><\/p>\n","protected":false},"excerpt":{"rendered":"","protected":false},"author":1,"featured_media":0,"parent":0,"menu_order":0,"comment_status":"closed","ping_status":"open","template":"","meta":{"_acf_changed":false,"footnotes":""},"class_list":["post-11219","page","type-page","status-publish","hentry"],"acf":[],"_links":{"self":[{"href":"https:\/\/harter-gmbh.de\/it\/wp-json\/wp\/v2\/pages\/11219","targetHints":{"allow":["GET"]}}],"collection":[{"href":"https:\/\/harter-gmbh.de\/it\/wp-json\/wp\/v2\/pages"}],"about":[{"href":"https:\/\/harter-gmbh.de\/it\/wp-json\/wp\/v2\/types\/page"}],"author":[{"embeddable":true,"href":"https:\/\/harter-gmbh.de\/it\/wp-json\/wp\/v2\/users\/1"}],"replies":[{"embeddable":true,"href":"https:\/\/harter-gmbh.de\/it\/wp-json\/wp\/v2\/comments?post=11219"}],"version-history":[{"count":5,"href":"https:\/\/harter-gmbh.de\/it\/wp-json\/wp\/v2\/pages\/11219\/revisions"}],"predecessor-version":[{"id":11228,"href":"https:\/\/harter-gmbh.de\/it\/wp-json\/wp\/v2\/pages\/11219\/revisions\/11228"}],"wp:attachment":[{"href":"https:\/\/harter-gmbh.de\/it\/wp-json\/wp\/v2\/media?parent=11219"}],"curies":[{"name":"wp","href":"https:\/\/api.w.org\/{rel}","templated":true}]}}